{"id":988,"date":"2025-02-23T18:23:33","date_gmt":"2025-02-23T17:23:33","guid":{"rendered":"https:\/\/atletika.comercioperemaria.com\/?post_type=product&#038;p=988"},"modified":"2025-02-24T11:36:53","modified_gmt":"2025-02-24T10:36:53","slug":"camiseta-beige-femenina","status":"publish","type":"product","link":"https:\/\/atletika.comercioperemaria.com\/en\/product\/camiseta-beige-femenina\/","title":{"rendered":"Camiseta beige femenina"},"content":{"rendered":"<p>Experimenta la combinaci\u00f3n perfecta de comodidad y rendimiento con nuestra camiseta deportiva femenina de edici\u00f3n especial. Dise\u00f1ada espec\u00edficamente para el pilates, est\u00e1 disponible en tallas que van desde XS hasta XL, asegurando un ajuste perfecto para todas. Confeccionada en una mezcla de poli\u00e9ster y elastano, ofrece una transpirabilidad excepcional y una elasticidad que se adapta a tus movimientos. Su dise\u00f1o fresco y ligero, en un elegante color beige, la convierte en una opci\u00f3n ideal para cualquier sesi\u00f3n de entrenamiento.<\/p>","protected":false},"excerpt":{"rendered":"<p>Experimenta la combinaci\u00f3n perfecta de comodidad y rendimiento con nuestra camiseta deportiva femenina de edici\u00f3n especial. Dise\u00f1ada espec\u00edficamente para el pilates, est\u00e1 disponible en tallas que van desde XS hasta XL, asegurando un ajuste perfecto para todas. Confeccionada en una mezcla de poli\u00e9ster y elastano, ofrece una transpirabilidad excepcional y una elasticidad que se adapta a tus movimientos. Su dise\u00f1o fresco y ligero, en un elegante color beige, la convierte en una opci\u00f3n ideal para cualquier sesi\u00f3n de entrenamiento.<\/p>","protected":false},"featured_media":985,"comment_status":"closed","ping_status":"closed","template":"","meta":[],"product_brand":[],"product_cat":[22],"product_tag":[],"class_list":{"0":"post-988","1":"product","2":"type-product","3":"status-publish","4":"has-post-thumbnail","6":"product_cat-pilates","8":"first","9":"instock","10":"sale","11":"shipping-taxable","12":"purchasable","13":"product-type-variable"},"yoast_head":"<!-- This site is optimized with the Yoast SEO plugin v26.7 - https:\/\/yoast.com\/wordpress\/plugins\/seo\/ -->\n<title>Camiseta beige femenina - Atletika<\/title>\n<meta name=\"robots\" content=\"index, follow, max-snippet:-1, max-image-preview:large, max-video-preview:-1\" \/>\n<link rel=\"canonical\" href=\"https:\/\/atletika.comercioperemaria.com\/en\/product\/camiseta-beige-femenina\/\" \/>\n<meta property=\"og:locale\" content=\"en_GB\" \/>\n<meta property=\"og:type\" content=\"article\" \/>\n<meta property=\"og:title\" content=\"Camiseta beige femenina - Atletika\" \/>\n<meta property=\"og:description\" content=\"Experimenta la combinaci\u00f3n perfecta de comodidad y rendimiento con nuestra camiseta deportiva femenina de edici\u00f3n especial. Dise\u00f1ada espec\u00edficamente para el pilates, est\u00e1 disponible en tallas que van desde XS hasta XL, asegurando un ajuste perfecto para todas. Confeccionada en una mezcla de poli\u00e9ster y elastano, ofrece una transpirabilidad excepcional y una elasticidad que se adapta a tus movimientos. Su dise\u00f1o fresco y ligero, en un elegante color beige, la convierte en una opci\u00f3n ideal para cualquier sesi\u00f3n de entrenamiento.\" \/>\n<meta property=\"og:url\" content=\"https:\/\/atletika.comercioperemaria.com\/en\/product\/camiseta-beige-femenina\/\" \/>\n<meta property=\"og:site_name\" content=\"Atletika\" \/>\n<meta property=\"article:modified_time\" content=\"2025-02-24T10:36:53+00:00\" \/>\n<meta property=\"og:image\" content=\"https:\/\/atletika.comercioperemaria.com\/wp-content\/uploads\/2025\/02\/Diseno-sin-titulo-3.png\" \/>\n\t<meta property=\"og:image:width\" content=\"605\" \/>\n\t<meta property=\"og:image:height\" content=\"720\" \/>\n\t<meta property=\"og:image:type\" content=\"image\/png\" \/>\n<meta name=\"twitter:card\" content=\"summary_large_image\" \/>\n<script type=\"application\/ld+json\" class=\"yoast-schema-graph\">{\"@context\":\"https:\/\/schema.org\",\"@graph\":[{\"@type\":\"WebPage\",\"@id\":\"https:\/\/atletika.comercioperemaria.com\/product\/camiseta-beige-femenina\/\",\"url\":\"https:\/\/atletika.comercioperemaria.com\/product\/camiseta-beige-femenina\/\",\"name\":\"Camiseta beige femenina - Atletika\",\"isPartOf\":{\"@id\":\"https:\/\/atletika.comercioperemaria.com\/#website\"},\"primaryImageOfPage\":{\"@id\":\"https:\/\/atletika.comercioperemaria.com\/product\/camiseta-beige-femenina\/#primaryimage\"},\"image\":{\"@id\":\"https:\/\/atletika.comercioperemaria.com\/product\/camiseta-beige-femenina\/#primaryimage\"},\"thumbnailUrl\":\"https:\/\/atletika.comercioperemaria.com\/wp-content\/uploads\/2025\/02\/Diseno-sin-titulo-3.png\",\"datePublished\":\"2025-02-23T17:23:33+00:00\",\"dateModified\":\"2025-02-24T10:36:53+00:00\",\"breadcrumb\":{\"@id\":\"https:\/\/atletika.comercioperemaria.com\/product\/camiseta-beige-femenina\/#breadcrumb\"},\"inLanguage\":\"en-GB\",\"potentialAction\":[{\"@type\":\"ReadAction\",\"target\":[\"https:\/\/atletika.comercioperemaria.com\/product\/camiseta-beige-femenina\/\"]}]},{\"@type\":\"ImageObject\",\"inLanguage\":\"en-GB\",\"@id\":\"https:\/\/atletika.comercioperemaria.com\/product\/camiseta-beige-femenina\/#primaryimage\",\"url\":\"https:\/\/atletika.comercioperemaria.com\/wp-content\/uploads\/2025\/02\/Diseno-sin-titulo-3.png\",\"contentUrl\":\"https:\/\/atletika.comercioperemaria.com\/wp-content\/uploads\/2025\/02\/Diseno-sin-titulo-3.png\",\"width\":605,\"height\":720,\"caption\":\"Fuente: Freepik Editado\"},{\"@type\":\"BreadcrumbList\",\"@id\":\"https:\/\/atletika.comercioperemaria.com\/product\/camiseta-beige-femenina\/#breadcrumb\",\"itemListElement\":[{\"@type\":\"ListItem\",\"position\":1,\"name\":\"Home\",\"item\":\"https:\/\/atletika.comercioperemaria.com\/\"},{\"@type\":\"ListItem\",\"position\":2,\"name\":\"Productos\",\"item\":\"https:\/\/atletika.comercioperemaria.com\/productos\/\"},{\"@type\":\"ListItem\",\"position\":3,\"name\":\"Camiseta beige femenina\"}]},{\"@type\":\"WebSite\",\"@id\":\"https:\/\/atletika.comercioperemaria.com\/#website\",\"url\":\"https:\/\/atletika.comercioperemaria.com\/\",\"name\":\"Atletika\",\"description\":\"Ropa de deporte de calidad\",\"publisher\":{\"@id\":\"https:\/\/atletika.comercioperemaria.com\/#organization\"},\"potentialAction\":[{\"@type\":\"SearchAction\",\"target\":{\"@type\":\"EntryPoint\",\"urlTemplate\":\"https:\/\/atletika.comercioperemaria.com\/?s={search_term_string}\"},\"query-input\":{\"@type\":\"PropertyValueSpecification\",\"valueRequired\":true,\"valueName\":\"search_term_string\"}}],\"inLanguage\":\"en-GB\"},{\"@type\":\"Organization\",\"@id\":\"https:\/\/atletika.comercioperemaria.com\/#organization\",\"name\":\"Atletika\",\"url\":\"https:\/\/atletika.comercioperemaria.com\/\",\"logo\":{\"@type\":\"ImageObject\",\"inLanguage\":\"en-GB\",\"@id\":\"https:\/\/atletika.comercioperemaria.com\/#\/schema\/logo\/image\/\",\"url\":\"https:\/\/atletika.comercioperemaria.com\/wp-content\/uploads\/2024\/11\/Copia_de_A__6_-removebg-preview.png\",\"contentUrl\":\"https:\/\/atletika.comercioperemaria.com\/wp-content\/uploads\/2024\/11\/Copia_de_A__6_-removebg-preview.png\",\"width\":500,\"height\":500,\"caption\":\"Atletika\"},\"image\":{\"@id\":\"https:\/\/atletika.comercioperemaria.com\/#\/schema\/logo\/image\/\"}}]}<\/script>\n<!-- \/ Yoast SEO plugin. -->","yoast_head_json":{"title":"Camiseta beige femenina - Atletika","robots":{"index":"index","follow":"follow","max-snippet":"max-snippet:-1","max-image-preview":"max-image-preview:large","max-video-preview":"max-video-preview:-1"},"canonical":"https:\/\/atletika.comercioperemaria.com\/en\/product\/camiseta-beige-femenina\/","og_locale":"en_GB","og_type":"article","og_title":"Camiseta beige femenina - Atletika","og_description":"Experimenta la combinaci\u00f3n perfecta de comodidad y rendimiento con nuestra camiseta deportiva femenina de edici\u00f3n especial. Dise\u00f1ada espec\u00edficamente para el pilates, est\u00e1 disponible en tallas que van desde XS hasta XL, asegurando un ajuste perfecto para todas. Confeccionada en una mezcla de poli\u00e9ster y elastano, ofrece una transpirabilidad excepcional y una elasticidad que se adapta a tus movimientos. Su dise\u00f1o fresco y ligero, en un elegante color beige, la convierte en una opci\u00f3n ideal para cualquier sesi\u00f3n de entrenamiento.","og_url":"https:\/\/atletika.comercioperemaria.com\/en\/product\/camiseta-beige-femenina\/","og_site_name":"Atletika","article_modified_time":"2025-02-24T10:36:53+00:00","og_image":[{"width":605,"height":720,"url":"https:\/\/atletika.comercioperemaria.com\/wp-content\/uploads\/2025\/02\/Diseno-sin-titulo-3.png","type":"image\/png"}],"twitter_card":"summary_large_image","schema":{"@context":"https:\/\/schema.org","@graph":[{"@type":"WebPage","@id":"https:\/\/atletika.comercioperemaria.com\/product\/camiseta-beige-femenina\/","url":"https:\/\/atletika.comercioperemaria.com\/product\/camiseta-beige-femenina\/","name":"Camiseta beige femenina - Atletika","isPartOf":{"@id":"https:\/\/atletika.comercioperemaria.com\/#website"},"primaryImageOfPage":{"@id":"https:\/\/atletika.comercioperemaria.com\/product\/camiseta-beige-femenina\/#primaryimage"},"image":{"@id":"https:\/\/atletika.comercioperemaria.com\/product\/camiseta-beige-femenina\/#primaryimage"},"thumbnailUrl":"https:\/\/atletika.comercioperemaria.com\/wp-content\/uploads\/2025\/02\/Diseno-sin-titulo-3.png","datePublished":"2025-02-23T17:23:33+00:00","dateModified":"2025-02-24T10:36:53+00:00","breadcrumb":{"@id":"https:\/\/atletika.comercioperemaria.com\/product\/camiseta-beige-femenina\/#breadcrumb"},"inLanguage":"en-GB","potentialAction":[{"@type":"ReadAction","target":["https:\/\/atletika.comercioperemaria.com\/product\/camiseta-beige-femenina\/"]}]},{"@type":"ImageObject","inLanguage":"en-GB","@id":"https:\/\/atletika.comercioperemaria.com\/product\/camiseta-beige-femenina\/#primaryimage","url":"https:\/\/atletika.comercioperemaria.com\/wp-content\/uploads\/2025\/02\/Diseno-sin-titulo-3.png","contentUrl":"https:\/\/atletika.comercioperemaria.com\/wp-content\/uploads\/2025\/02\/Diseno-sin-titulo-3.png","width":605,"height":720,"caption":"Fuente: Freepik Editado"},{"@type":"BreadcrumbList","@id":"https:\/\/atletika.comercioperemaria.com\/product\/camiseta-beige-femenina\/#breadcrumb","itemListElement":[{"@type":"ListItem","position":1,"name":"Home","item":"https:\/\/atletika.comercioperemaria.com\/"},{"@type":"ListItem","position":2,"name":"Productos","item":"https:\/\/atletika.comercioperemaria.com\/productos\/"},{"@type":"ListItem","position":3,"name":"Camiseta beige femenina"}]},{"@type":"WebSite","@id":"https:\/\/atletika.comercioperemaria.com\/#website","url":"https:\/\/atletika.comercioperemaria.com\/","name":"Atletika","description":"Ropa de deporte de calidad","publisher":{"@id":"https:\/\/atletika.comercioperemaria.com\/#organization"},"potentialAction":[{"@type":"SearchAction","target":{"@type":"EntryPoint","urlTemplate":"https:\/\/atletika.comercioperemaria.com\/?s={search_term_string}"},"query-input":{"@type":"PropertyValueSpecification","valueRequired":true,"valueName":"search_term_string"}}],"inLanguage":"en-GB"},{"@type":"Organization","@id":"https:\/\/atletika.comercioperemaria.com\/#organization","name":"Atletika","url":"https:\/\/atletika.comercioperemaria.com\/","logo":{"@type":"ImageObject","inLanguage":"en-GB","@id":"https:\/\/atletika.comercioperemaria.com\/#\/schema\/logo\/image\/","url":"https:\/\/atletika.comercioperemaria.com\/wp-content\/uploads\/2024\/11\/Copia_de_A__6_-removebg-preview.png","contentUrl":"https:\/\/atletika.comercioperemaria.com\/wp-content\/uploads\/2024\/11\/Copia_de_A__6_-removebg-preview.png","width":500,"height":500,"caption":"Atletika"},"image":{"@id":"https:\/\/atletika.comercioperemaria.com\/#\/schema\/logo\/image\/"}}]}},"_links":{"self":[{"href":"https:\/\/atletika.comercioperemaria.com\/en\/wp-json\/wp\/v2\/product\/988","targetHints":{"allow":["GET"]}}],"collection":[{"href":"https:\/\/atletika.comercioperemaria.com\/en\/wp-json\/wp\/v2\/product"}],"about":[{"href":"https:\/\/atletika.comercioperemaria.com\/en\/wp-json\/wp\/v2\/types\/product"}],"replies":[{"embeddable":true,"href":"https:\/\/atletika.comercioperemaria.com\/en\/wp-json\/wp\/v2\/comments?post=988"}],"wp:featuredmedia":[{"embeddable":true,"href":"https:\/\/atletika.comercioperemaria.com\/en\/wp-json\/wp\/v2\/media\/985"}],"wp:attachment":[{"href":"https:\/\/atletika.comercioperemaria.com\/en\/wp-json\/wp\/v2\/media?parent=988"}],"wp:term":[{"taxonomy":"product_brand","embeddable":true,"href":"https:\/\/atletika.comercioperemaria.com\/en\/wp-json\/wp\/v2\/product_brand?post=988"},{"taxonomy":"product_cat","embeddable":true,"href":"https:\/\/atletika.comercioperemaria.com\/en\/wp-json\/wp\/v2\/product_cat?post=988"},{"taxonomy":"product_tag","embeddable":true,"href":"https:\/\/atletika.comercioperemaria.com\/en\/wp-json\/wp\/v2\/product_tag?post=988"}],"curies":[{"name":"wp","href":"https:\/\/api.w.org\/{rel}","templated":true}]}}